{"id":1071,"date":"2025-10-17T11:11:24","date_gmt":"2025-10-17T11:11:24","guid":{"rendered":"https:\/\/rgexclusives.nl\/product\/dekokissen-tropique\/"},"modified":"2025-10-17T11:11:24","modified_gmt":"2025-10-17T11:11:24","slug":"dekokissen-tropique","status":"publish","type":"product","link":"https:\/\/rgexclusives.nl\/de\/produkt\/dekokissen-tropique\/","title":{"rendered":"Dekokissen \u201eTropique\u201c"},"content":{"rendered":"<p><strong>Einzigartiges, handgefertigtes Dekokissen \u2013 farbenfrohes und exklusives Design aus den Niederlanden<\/strong><\/p>\n<p>Verleihen Sie Ihrem Interieur einen stilvollen Touch mit diesem exklusiven, handgefertigten Dekokissen. Jedes Kissen wird mit Sorgfalt und Fachkenntnis in den Niederlanden hergestellt, sodass Sie sich eines einzigartigen Artikels sicher sein k\u00f6nnen, den Sie nirgendwo anders finden. <\/p>\n<p>Mit seinen lebendigen Farben und dem originellen Design ist dieses Kissen aus Gobelin-Stoff mit gr\u00fcnen Fransen ein echter Blickfang auf Ihrem Sofa, Sessel oder Bett. Perfekt f\u00fcr alle, die Originalit\u00e4t, Qualit\u00e4t und ein Interieur mit Charakter lieben. <\/p>\n<ul>\n<li><strong>Handgefertigt in den Niederlanden<\/strong><\/li>\n<li><strong>Einzigartiges Design \u2013 keine zwei Kissen sind genau gleich<\/strong><\/li>\n<li><strong>Sattes, farbenfrohes Erscheinungsbild, das jeden Raum belebt<\/strong><\/li>\n<li><strong>Hergestellt aus sorgf\u00e4ltig ausgew\u00e4hlten, hochwertigen Materialien<\/strong><\/li>\n<li><strong>Praktisch und benutzerfreundlich \u2013 maschinenwaschbar bei 30 Grad<\/strong><\/li>\n<\/ul>\n<p>Verleihen Sie Ihrem Wohnraum Kunst und Charakter mit einem Kissen, das so einzigartig ist wie Sie, und genie\u00dfen Sie den Komfort einer pflegeleichten, langlebigen Wahl.<\/p>\n<p><strong>Spezifikationen:<\/strong><\/p>\n<ul>\n<li>Abmessungen (HxB): 40&#215;40 cm<\/li>\n<li>Form: Quadratisch<\/li>\n<li>Material: Baumwolle, Polyester und Acryl<\/li>\n<li>F\u00fcllung Innenkissen: Entenfedern<\/li>\n<li>Maschinenwaschbar: Ja, bei 30\u00b0C<\/li>\n<\/ul>\n<p>&nbsp;<\/p>\n","protected":false},"excerpt":{"rendered":"<p>Dekokissen \u201eTropique\u201c mit gr\u00fcnen Fransen 40&#215;40 cm<\/p>\n","protected":false},"featured_media":605,"comment_status":"open","ping_status":"closed","template":"","meta":{"_monsterinsights_skip_tracking":false,"_monsterinsights_sitenote_active":false,"_monsterinsights_sitenote_note":"","_monsterinsights_sitenote_category":0,"site-sidebar-layout":"default","site-content-layout":"","ast-site-content-layout":"default","site-content-style":"default","site-sidebar-style":"default","ast-global-header-display":"","ast-banner-title-visibility":"","ast-main-header-display":"","ast-hfb-above-header-display":"","ast-hfb-below-header-display":"","ast-hfb-mobile-header-display":"","site-post-title":"","ast-breadcrumbs-content":"","ast-featured-img":"","footer-sml-layout":"","theme-transparent-header-meta":"default","adv-header-id-meta":"","stick-header-meta":"","header-above-stick-meta":"","header-main-stick-meta":"","header-below-stick-meta":"","astra-migrate-meta-layouts":"default","ast-page-background-enabled":"default","ast-page-background-meta":{"desktop":{"background-color":"var(--ast-global-color-4)","background-image":"","background-repeat":"repeat","background-position":"center center","background-size":"auto","background-attachment":"scroll","background-type":"","background-media":"","overlay-type":"","overlay-color":"","overlay-opacity":"","overlay-gradient":""},"tablet":{"background-color":"","background-image":"","background-repeat":"repeat","background-position":"center center","background-size":"auto","background-attachment":"scroll","background-type":"","background-media":"","overlay-type":"","overlay-color":"","overlay-opacity":"","overlay-gradient":""},"mobile":{"background-color":"","background-image":"","background-repeat":"repeat","background-position":"center center","background-size":"auto","background-attachment":"scroll","background-type":"","background-media":"","overlay-type":"","overlay-color":"","overlay-opacity":"","overlay-gradient":""}},"ast-content-background-meta":{"desktop":{"background-color":"var(--ast-global-color-5)","background-image":"","background-repeat":"repeat","background-position":"center center","background-size":"auto","background-attachment":"scroll","background-type":"","background-media":"","overlay-type":"","overlay-color":"","overlay-opacity":"","overlay-gradient":""},"tablet":{"background-color":"var(--ast-global-color-5)","background-image":"","background-repeat":"repeat","background-position":"center center","background-size":"auto","background-attachment":"scroll","background-type":"","background-media":"","overlay-type":"","overlay-color":"","overlay-opacity":"","overlay-gradient":""},"mobile":{"background-color":"var(--ast-global-color-5)","background-image":"","background-repeat":"repeat","background-position":"center center","background-size":"auto","background-attachment":"scroll","background-type":"","background-media":"","overlay-type":"","overlay-color":"","overlay-opacity":"","overlay-gradient":""}}},"product_brand":[],"product_cat":[56,57,49],"product_tag":[],"class_list":{"0":"post-1071","1":"product","2":"type-product","3":"status-publish","4":"has-post-thumbnail","6":"product_cat-interieur","7":"product_cat-unkategorisiert","8":"product_cat-nicht-kategorisiert","9":"desktop-align-left","10":"tablet-align-left","11":"mobile-align-left","13":"first","14":"instock","15":"taxable","16":"shipping-taxable","17":"purchasable","18":"product-type-simple"},"aioseo_notices":[],"jetpack_sharing_enabled":true,"_links":{"self":[{"href":"https:\/\/rgexclusives.nl\/de\/wp-json\/wp\/v2\/product\/1071","targetHints":{"allow":["GET"]}}],"collection":[{"href":"https:\/\/rgexclusives.nl\/de\/wp-json\/wp\/v2\/product"}],"about":[{"href":"https:\/\/rgexclusives.nl\/de\/wp-json\/wp\/v2\/types\/product"}],"replies":[{"embeddable":true,"href":"https:\/\/rgexclusives.nl\/de\/wp-json\/wp\/v2\/comments?post=1071"}],"wp:featuredmedia":[{"embeddable":true,"href":"https:\/\/rgexclusives.nl\/de\/wp-json\/wp\/v2\/media\/605"}],"wp:attachment":[{"href":"https:\/\/rgexclusives.nl\/de\/wp-json\/wp\/v2\/media?parent=1071"}],"wp:term":[{"taxonomy":"product_brand","embeddable":true,"href":"https:\/\/rgexclusives.nl\/de\/wp-json\/wp\/v2\/product_brand?post=1071"},{"taxonomy":"product_cat","embeddable":true,"href":"https:\/\/rgexclusives.nl\/de\/wp-json\/wp\/v2\/product_cat?post=1071"},{"taxonomy":"product_tag","embeddable":true,"href":"https:\/\/rgexclusives.nl\/de\/wp-json\/wp\/v2\/product_tag?post=1071"}],"curies":[{"name":"wp","href":"https:\/\/api.w.org\/{rel}","templated":true}]}}